{"id":148,"date":"2020-10-06T01:15:25","date_gmt":"2020-10-06T01:15:25","guid":{"rendered":"https:\/\/centroeducativomargarita.edu.mx\/?page_id=148"},"modified":"2020-10-06T01:33:18","modified_gmt":"2020-10-06T01:33:18","slug":"nuestro-fundador","status":"publish","type":"page","link":"https:\/\/centroeducativomargarita.edu.mx\/?page_id=148","title":{"rendered":"Nuestro Fundador"},"content":{"rendered":"\n<figure class=\"wp-block-image size-large\"><img loading=\"lazy\" decoding=\"async\" width=\"851\" height=\"315\" src=\"https:\/\/centroeducativomargarita.edu.mx\/wp-content\/uploads\/2020\/10\/ppff.jpg\" alt=\"\" class=\"wp-image-149\" srcset=\"https:\/\/centroeducativomargarita.edu.mx\/wp-content\/uploads\/2020\/10\/ppff.jpg 851w, https:\/\/centroeducativomargarita.edu.mx\/wp-content\/uploads\/2020\/10\/ppff-300x111.jpg 300w, https:\/\/centroeducativomargarita.edu.mx\/wp-content\/uploads\/2020\/10\/ppff-768x284.jpg 768w\" sizes=\"auto, (max-width: 851px) 100vw, 851px\" \/><\/figure>\n\n\n\n<p style=\"text-align: justify;\"> Jos\u00e9 Antonio, d\u00e9cimo hijo de la familia Plancarte y Labastida, naci\u00f3 en M\u00e9xico, D.F., el 23 de Diciembre de 1840. Sus padres fueron Don Francisco Plancarte Arceo y Do\u00f1a Gertrudis Labastida y D\u00e1valos, originarios y residentes de Zamora, Michoac\u00e1n. Jos\u00e9 Antonio fue el \u00fanico de los once hijos que naci\u00f3 en M\u00e9xico, por razones de salud de su madre, lo cual fue providencial, pues gracias a ello la Sma. Virgen de Guadalupe vio nacer muy cerca de ella a este ni\u00f1o que, con el tiempo, ser\u00eda gran promotor del guadalupanismo.<\/p>\n\n\n\n<p style=\"text-align: justify;\">Estudi\u00f3 la Primaria en Guadalajara y en Morelia, con tanto \u00e9xito que a la edad de once a\u00f1os present\u00f3 examen p\u00fablico frente a selectos sinodales, obteniendo menci\u00f3n honor\u00edfica. De Morelia, se traslad\u00f3 a Puebla por muy breve tiempo, para luego irse a<br>Birmingham, Inglaterra, al Colegio de Santa Mar\u00eda de Oscott, en donde estuvo de 1856 a 1862, estudiando la Carrera Comercial, pues su anhelo era regresar a Zamora para administrar los negocios de su familia.<\/p>\n\n\n\n<p style=\"text-align: justify;\">En Oscott se distingui\u00f3 por su aprovechamiento, su gran sociabilidad, su inter\u00e9s por el teatro y la m\u00fasica, su don de gentes e incluso su capacidad de liderazgo, pues fue \u201cPublic man\u201d (especie de coordinador de la Sociedad de Alumnos); pero sobre<br>todo, se distingui\u00f3 por su gran amor y piedad filial a Mar\u00eda Sant\u00edsima, para quien arreglaba bell\u00edsimos altares y a quien debe el haber clarificado su vocaci\u00f3n.<\/p>\n\n\n\n<p style=\"text-align: justify;\">Los caminos de Dios no son nuestros caminos y aquel prometedor hombre de negocios, despu\u00e9s de no pocas luchas interiores, como en toda importante decisi\u00f3n, opta finalmente por ser Sacerdote. En 1862 se traslada a Roma para realizar ah\u00ed sus<br>estudios de Teolog\u00eda; fue Ordenado el 11 de Junio de 1865 y celebr\u00f3 su Primera Misa el 13 de Junio, fiesta de San Antonio de Padua, su querido patrono.<\/p>\n\n\n\n<p style=\"text-align: justify;\">Con la bendici\u00f3n de su gran protector, el Papa P\u00edo IX, regresa a M\u00e9xico dispuesto a consagrarse en cuerpo y alma al bien de su amada Patria, luchando incansablemente por extender el Reino de Dios.<\/p>\n\n\n\n<p style=\"text-align: justify;\">Muy pronto es nombrado P\u00e1rroco de Jacona, donde estuvo hasta 1882, fecha en que, despu\u00e9s de grandes sufrimientos, por las persecuciones y calumnias de que fue objeto, se traslad\u00f3 a M\u00e9xico.<\/p>\n\n\n\n<p style=\"text-align: justify;\">En la Capital, estuvo colaborando con su t\u00edo, el Excelent\u00edsimo Sr. Arzobispo de M\u00e9xico, Don Pelagio Antonio de Labastida y D\u00e1valos.<\/p>\n\n\n\n<p style=\"text-align: justify;\">Ah\u00ed permaneci\u00f3 hasta el d\u00eda en que fue llamado a la casa del Padre Celestial, el 26 de abril de 1898.<\/p>\n","protected":false},"excerpt":{"rendered":"<p>Jos\u00e9 Antonio, d\u00e9cimo hijo de la familia Plancarte y Labastida, naci\u00f3 en M\u00e9xico, D.F., el 23 de Diciembre de 1840. Sus padres fueron Don&hellip;<\/p>\n","protected":false},"author":1,"featured_media":0,"parent":0,"menu_order":0,"comment_status":"closed","ping_status":"closed","template":"","meta":{"footnotes":""},"class_list":["post-148","page","type-page","status-publish","hentry"],"_links":{"self":[{"href":"https:\/\/centroeducativomargarita.edu.mx\/index.php?rest_route=\/wp\/v2\/pages\/148","targetHints":{"allow":["GET"]}}],"collection":[{"href":"https:\/\/centroeducativomargarita.edu.mx\/index.php?rest_route=\/wp\/v2\/pages"}],"about":[{"href":"https:\/\/centroeducativomargarita.edu.mx\/index.php?rest_route=\/wp\/v2\/types\/page"}],"author":[{"embeddable":true,"href":"https:\/\/centroeducativomargarita.edu.mx\/index.php?rest_route=\/wp\/v2\/users\/1"}],"replies":[{"embeddable":true,"href":"https:\/\/centroeducativomargarita.edu.mx\/index.php?rest_route=%2Fwp%2Fv2%2Fcomments&post=148"}],"version-history":[{"count":4,"href":"https:\/\/centroeducativomargarita.edu.mx\/index.php?rest_route=\/wp\/v2\/pages\/148\/revisions"}],"predecessor-version":[{"id":155,"href":"https:\/\/centroeducativomargarita.edu.mx\/index.php?rest_route=\/wp\/v2\/pages\/148\/revisions\/155"}],"wp:attachment":[{"href":"https:\/\/centroeducativomargarita.edu.mx\/index.php?rest_route=%2Fwp%2Fv2%2Fmedia&parent=148"}],"curies":[{"name":"wp","href":"https:\/\/api.w.org\/{rel}","templated":true}]}}