{"id":159,"date":"2020-10-06T02:22:49","date_gmt":"2020-10-06T02:22:49","guid":{"rendered":"https:\/\/centroeducativomargarita.edu.mx\/?page_id=159"},"modified":"2020-10-06T02:32:55","modified_gmt":"2020-10-06T02:32:55","slug":"nuestro-escudo","status":"publish","type":"page","link":"https:\/\/centroeducativomargarita.edu.mx\/?page_id=159","title":{"rendered":"Nuestro Escudo"},"content":{"rendered":"\n<div class=\"wp-block-image is-style-default\"><figure class=\"aligncenter size-full\"><img loading=\"lazy\" decoding=\"async\" width=\"200\" height=\"269\" src=\"https:\/\/centroeducativomargarita.edu.mx\/wp-content\/uploads\/2020\/09\/logo_margaritaV3.png\" alt=\"\" class=\"wp-image-13\"\/><\/figure><\/div>\n\n\n\n<p>Nuestro escudo es de forma antigua y est\u00e1 dividido en cuarteles, que descansan sobre un fondo azul donde aparece el nombre de nuestras instituciones: Colegios Guadalupanos Plancartinos. Tiene en la parte superior una divisi\u00f3n que en la her\u00e1ldica hace de jefe; en esta parte aparece el lema de nuestro Fundador: Valor<br>y Confianza; luce sobre un campo verde que es el color de la esperanza.<\/p>\n\n\n\n<p>Sobre el campo principal del escudo hay una cruz de hierro; la cruz es signo del amor de Cristo, centro de la vida cristiana. Por eso se proyecta a todo lo ancho de la existencia. Termina en punta de lanza, como la Palabra de Dios que es penetrante, viva y eficaz arma del cristiano. Los otros extremos de la cruz son lobulados como el tr\u00e9bol, cuyas tres hojas evocan el recuerdo de la Sant\u00edsima Trinidad.<\/p>\n\n\n\n<p>La cruz divide el escudo en cuatro cuarteles. En el cuartel m\u00e1s alto de la izquierda, sobre campo azul color de cielo, hay una estrella que representa a Mar\u00eda, la Estrella Matutina que ilumin\u00f3 la aurora del mundo en el para\u00edso y la aurora de nuestra Patria en el Tepeyac.<\/p>\n\n\n\n<p>En el cuartel bajo de la derecha, hay una antorcha cuya luz significa la s\u00edntesis entre fe y cultura y entre fe y vida, s\u00edntesis que tratamos de alcanzar en nuestros Colegios. El campo es rojo que es el color del fuego y el color de la caridad; caridad y fuego<br>que tiene quien por la fe y la cultura se acerca a Dios, y por la fe vivida se entrega al servicio de sus hermanos.<\/p>\n\n\n\n<p>Los otros dos cuarteles ostentan los colores pontificios en se\u00f1al de catolicidad. Est\u00e1n vac\u00edos y sin empresa, para que los que militan bajo este escudo lo llenen simb\u00f3licamente con sus propias obras.<\/p>\n\n\n\n<p>La descripci\u00f3n her\u00e1ldica de nuestro escudo nos permitir\u00e1 comprender y asumir cada uno de sus elementos como una inspiraci\u00f3n en nuestro diario caminar.<\/p>\n","protected":false},"excerpt":{"rendered":"<p>Nuestro escudo es de forma antigua y est\u00e1 dividido en cuarteles, que descansan sobre un fondo azul donde aparece el nombre de nuestras instituciones:&hellip;<\/p>\n","protected":false},"author":1,"featured_media":0,"parent":0,"menu_order":0,"comment_status":"closed","ping_status":"closed","template":"","meta":{"footnotes":""},"class_list":["post-159","page","type-page","status-publish","hentry"],"_links":{"self":[{"href":"https:\/\/centroeducativomargarita.edu.mx\/index.php?rest_route=\/wp\/v2\/pages\/159","targetHints":{"allow":["GET"]}}],"collection":[{"href":"https:\/\/centroeducativomargarita.edu.mx\/index.php?rest_route=\/wp\/v2\/pages"}],"about":[{"href":"https:\/\/centroeducativomargarita.edu.mx\/index.php?rest_route=\/wp\/v2\/types\/page"}],"author":[{"embeddable":true,"href":"https:\/\/centroeducativomargarita.edu.mx\/index.php?rest_route=\/wp\/v2\/users\/1"}],"replies":[{"embeddable":true,"href":"https:\/\/centroeducativomargarita.edu.mx\/index.php?rest_route=%2Fwp%2Fv2%2Fcomments&post=159"}],"version-history":[{"count":4,"href":"https:\/\/centroeducativomargarita.edu.mx\/index.php?rest_route=\/wp\/v2\/pages\/159\/revisions"}],"predecessor-version":[{"id":165,"href":"https:\/\/centroeducativomargarita.edu.mx\/index.php?rest_route=\/wp\/v2\/pages\/159\/revisions\/165"}],"wp:attachment":[{"href":"https:\/\/centroeducativomargarita.edu.mx\/index.php?rest_route=%2Fwp%2Fv2%2Fmedia&parent=159"}],"curies":[{"name":"wp","href":"https:\/\/api.w.org\/{rel}","templated":true}]}}