{"id":166,"date":"2020-10-06T02:42:41","date_gmt":"2020-10-06T02:42:41","guid":{"rendered":"https:\/\/centroeducativomargarita.edu.mx\/?page_id=166"},"modified":"2020-10-06T02:42:41","modified_gmt":"2020-10-06T02:42:41","slug":"nuestra-congregacion","status":"publish","type":"page","link":"https:\/\/centroeducativomargarita.edu.mx\/?page_id=166","title":{"rendered":"Nuestra Congregaci\u00f3n"},"content":{"rendered":"\n<div class=\"wp-block-image\"><figure class=\"aligncenter size-large\"><img loading=\"lazy\" decoding=\"async\" width=\"220\" height=\"269\" src=\"https:\/\/centroeducativomargarita.edu.mx\/wp-content\/uploads\/2020\/10\/220px-HMIG_Escudo.jpg\" alt=\"\" class=\"wp-image-167\"\/><\/figure><\/div>\n\n\n\n<p>El 2 de febrero de 1878, Jos\u00e9 Antonio Plancarte fund\u00f3 la Congregaci\u00f3n de Religiosas Hijas de Mar\u00eda Inmaculada de Guadalupe; poner a la Congregaci\u00f3n bajo el patrocinio de Mar\u00eda, en su prerrogativa de Inmaculada y en su advocaci\u00f3n de Guadalupe, es un signo del gran amor que profesaba a Nuestra Se\u00f1ora.<\/p>\n\n\n\n<p><br>El contexto hist\u00f3rico de la fundaci\u00f3n de esta Congregaci\u00f3n era realmente muy dif\u00edcil, pues en ese tiempo las Religiosas proven\u00edan de fundaciones extranjeras, adem\u00e1s de que, debido a las Leyes de Reforma, la Vida Religiosa estaba pasando por grandes dificultades. Sin embargo, el arrojo y fortaleza caracter\u00edsticos de Jos\u00e9 Antonio, le impulsaron a formar esta Congregaci\u00f3n, netamente mexicana.<\/p>\n\n\n\n<p>A lo largo de m\u00e1s de 140 a\u00f1os desde su fundaci\u00f3n, las Religiosas Hijas de Mar\u00eda Inmaculada de Guadalupe han seguido luchando incansablemente por continuar y acrecentar la obra educativa iniciada por este extraordinario hombre de Dios, permaneciendo siempre fieles a su herencia pedag\u00f3gica.<\/p>\n\n\n\n<p>Adem\u00e1s de Colegios, las Hijas de Mar\u00eda Inmaculada de Guadalupe atienden Asilos, Hospitales, Orfanatorios y Misiones; con todas estas obras apost\u00f3licas deseamos continuar la misi\u00f3n para la cual nos fund\u00f3 Jos\u00e9 Antonio, disc\u00edpulo fiel de Cristo Jes\u00fas y su misionero incansable.<\/p>\n","protected":false},"excerpt":{"rendered":"<p>El 2 de febrero de 1878, Jos\u00e9 Antonio Plancarte fund\u00f3 la Congregaci\u00f3n de Religiosas Hijas de Mar\u00eda Inmaculada de Guadalupe; poner a la Congregaci\u00f3n&hellip;<\/p>\n","protected":false},"author":1,"featured_media":0,"parent":0,"menu_order":0,"comment_status":"closed","ping_status":"closed","template":"","meta":{"footnotes":""},"class_list":["post-166","page","type-page","status-publish","hentry"],"_links":{"self":[{"href":"https:\/\/centroeducativomargarita.edu.mx\/index.php?rest_route=\/wp\/v2\/pages\/166","targetHints":{"allow":["GET"]}}],"collection":[{"href":"https:\/\/centroeducativomargarita.edu.mx\/index.php?rest_route=\/wp\/v2\/pages"}],"about":[{"href":"https:\/\/centroeducativomargarita.edu.mx\/index.php?rest_route=\/wp\/v2\/types\/page"}],"author":[{"embeddable":true,"href":"https:\/\/centroeducativomargarita.edu.mx\/index.php?rest_route=\/wp\/v2\/users\/1"}],"replies":[{"embeddable":true,"href":"https:\/\/centroeducativomargarita.edu.mx\/index.php?rest_route=%2Fwp%2Fv2%2Fcomments&post=166"}],"version-history":[{"count":1,"href":"https:\/\/centroeducativomargarita.edu.mx\/index.php?rest_route=\/wp\/v2\/pages\/166\/revisions"}],"predecessor-version":[{"id":168,"href":"https:\/\/centroeducativomargarita.edu.mx\/index.php?rest_route=\/wp\/v2\/pages\/166\/revisions\/168"}],"wp:attachment":[{"href":"https:\/\/centroeducativomargarita.edu.mx\/index.php?rest_route=%2Fwp%2Fv2%2Fmedia&parent=166"}],"curies":[{"name":"wp","href":"https:\/\/api.w.org\/{rel}","templated":true}]}}